{"id":3609,"date":"2024-12-13T14:16:18","date_gmt":"2024-12-13T13:16:18","guid":{"rendered":"https:\/\/www.gruppoghedini.it\/noleggio\/?page_id=3609"},"modified":"2024-12-13T14:16:43","modified_gmt":"2024-12-13T13:16:43","slug":"sostituzione-pneumatici","status":"publish","type":"page","link":"https:\/\/www.gruppoghedini.it\/noleggio\/servizi-inclusi-nel-noleggio-a-lungo-termine-ghedini\/sostituzione-pneumatici\/","title":{"rendered":"Sostituzione Pneumatici"},"content":{"rendered":"\n<h2 class=\"wp-block-heading\"><strong>Sostituzione Pneumatici Inclusa nel Noleggio Auto di Gruppo Ghedini<\/strong><\/h2>\n\n\n\n<p>Con il servizio di noleggio auto di Gruppo Ghedini, la <strong>sostituzione degli pneumatici<\/strong> \u00e8 inclusa, per garantire sempre il massimo della sicurezza e delle prestazioni su strada.<\/p>\n\n\n\n<p>La sostituzione copre l&#8217;usura degli pneumatici, forature o danni accidentali, assicurando che il veicolo sia sempre equipaggiato con gomme in perfette condizioni. Inoltre, il cambio stagionale degli pneumatici, da estivi a invernali e viceversa, \u00e8 incluso, cos\u00ec puoi affrontare qualsiasi condizione climatica con tranquillit\u00e0.<\/p>\n\n\n\n<p>Scegli il noleggio auto di Gruppo Ghedini e viaggia senza preoccupazioni: comfort, sicurezza e cura del veicolo sono sempre al primo posto.<\/p>\n","protected":false},"excerpt":{"rendered":"<p>Noleggiare un&#8217;auto con Gruppo Ghedini significa avere assistenza stradale completa e attiva 24\/7 per viaggiare in totale sicurezza.<\/p>\n","protected":false},"author":1,"featured_media":0,"parent":3304,"menu_order":6,"comment_status":"closed","ping_status":"closed","template":"","meta":{"_acf_changed":false,"footnotes":""},"class_list":["post-3609","page","type-page","status-publish","hentry"],"acf":[],"_links":{"self":[{"href":"https:\/\/www.gruppoghedini.it\/noleggio\/wp-json\/wp\/v2\/pages\/3609","targetHints":{"allow":["GET"]}}],"collection":[{"href":"https:\/\/www.gruppoghedini.it\/noleggio\/wp-json\/wp\/v2\/pages"}],"about":[{"href":"https:\/\/www.gruppoghedini.it\/noleggio\/wp-json\/wp\/v2\/types\/page"}],"author":[{"embeddable":true,"href":"https:\/\/www.gruppoghedini.it\/noleggio\/wp-json\/wp\/v2\/users\/1"}],"replies":[{"embeddable":true,"href":"https:\/\/www.gruppoghedini.it\/noleggio\/wp-json\/wp\/v2\/comments?post=3609"}],"version-history":[{"count":2,"href":"https:\/\/www.gruppoghedini.it\/noleggio\/wp-json\/wp\/v2\/pages\/3609\/revisions"}],"predecessor-version":[{"id":3613,"href":"https:\/\/www.gruppoghedini.it\/noleggio\/wp-json\/wp\/v2\/pages\/3609\/revisions\/3613"}],"up":[{"embeddable":true,"href":"https:\/\/www.gruppoghedini.it\/noleggio\/wp-json\/wp\/v2\/pages\/3304"}],"wp:attachment":[{"href":"https:\/\/www.gruppoghedini.it\/noleggio\/wp-json\/wp\/v2\/media?parent=3609"}],"curies":[{"name":"wp","href":"https:\/\/api.w.org\/{rel}","templated":true}]}}